{"id":127,"date":"2020-07-13T16:01:31","date_gmt":"2020-07-13T14:01:31","guid":{"rendered":"http:\/\/asialink.xn--diseoweb-madrid-1qb.com\/?page_id=127"},"modified":"2020-12-01T11:59:38","modified_gmt":"2020-12-01T10:59:38","slug":"blog","status":"publish","type":"page","link":"https:\/\/asialinkspain.com\/en\/blog\/","title":{"rendered":"Blog"},"content":{"rendered":"<div class=\"wpb-content-wrapper\"><p>[vc_row][vc_column width=&#8221;1\/1&#8243;][uncode_index el_id=&#8221;index-868763&#8243; loop=&#8221;size:10|order_by:date|post_type:post|categories:1&#8243; index_back_color=&#8221;color-xsdn&#8221; gutter_size=&#8221;3&#8243; screen_lg=&#8221;1000&#8243; screen_md=&#8221;600&#8243; screen_sm=&#8221;480&#8243; single_overlay_opacity=&#8221;50&#8243; single_padding=&#8221;2&#8243; title=&#8221;Aena se al\u00eda con la mayor OTA china para potenciar el tr\u00e1fico China-Espa\u00f1a&#8221;][\/vc_column][\/vc_row]<\/p>\n<\/div>","protected":false},"excerpt":{"rendered":"<p>[vc_row][vc_column width=&#8221;1\/1&#8243;][uncode_index el_id=&#8221;index-868763&#8243; loop=&#8221;size:10|order_by:date|post_type:post|categories:1&#8243; index_back_color=&#8221;color-xsdn&#8221; gutter_size=&#8221;3&#8243; screen_lg=&#8221;1000&#8243; screen_md=&#8221;600&#8243; screen_sm=&#8221;480&#8243; single_overlay_opacity=&#8221;50&#8243; single_padding=&#8221;2&#8243; title=&#8221;Aena se al\u00eda con la mayor OTA china para [&hellip;]<\/p>\n","protected":false},"author":1,"featured_media":313,"parent":0,"menu_order":0,"comment_status":"closed","ping_status":"closed","template":"","meta":{"footnotes":""},"class_list":["post-127","page","type-page","status-publish","has-post-thumbnail","hentry"],"_links":{"self":[{"href":"https:\/\/asialinkspain.com\/en\/wp-json\/wp\/v2\/pages\/127","targetHints":{"allow":["GET"]}}],"collection":[{"href":"https:\/\/asialinkspain.com\/en\/wp-json\/wp\/v2\/pages"}],"about":[{"href":"https:\/\/asialinkspain.com\/en\/wp-json\/wp\/v2\/types\/page"}],"author":[{"embeddable":true,"href":"https:\/\/asialinkspain.com\/en\/wp-json\/wp\/v2\/users\/1"}],"replies":[{"embeddable":true,"href":"https:\/\/asialinkspain.com\/en\/wp-json\/wp\/v2\/comments?post=127"}],"version-history":[{"count":18,"href":"https:\/\/asialinkspain.com\/en\/wp-json\/wp\/v2\/pages\/127\/revisions"}],"predecessor-version":[{"id":797,"href":"https:\/\/asialinkspain.com\/en\/wp-json\/wp\/v2\/pages\/127\/revisions\/797"}],"wp:featuredmedia":[{"embeddable":true,"href":"https:\/\/asialinkspain.com\/en\/wp-json\/wp\/v2\/media\/313"}],"wp:attachment":[{"href":"https:\/\/asialinkspain.com\/en\/wp-json\/wp\/v2\/media?parent=127"}],"curies":[{"name":"wp","href":"https:\/\/api.w.org\/{rel}","templated":true}]}}